{"id":12,"date":"2025-04-28T09:28:25","date_gmt":"2025-04-28T09:28:25","guid":{"rendered":"https:\/\/khangphatvn.vn\/?page_id=12"},"modified":"2025-05-04T13:51:16","modified_gmt":"2025-05-04T13:51:16","slug":"home","status":"publish","type":"page","link":"https:\/\/khangphatvn.vn\/","title":{"rendered":"Trang ch\u00ednh."},"content":{"rendered":"<div class=\"wp-block-cover alignfull is-light\" style=\"min-height:720px;aspect-ratio:unset;\"><span aria-hidden=\"true\" class=\"wp-block-cover__background has-background-dim-100 has-background-dim has-background-gradient\" style=\"background:linear-gradient(35deg,rgb(6,0,151) 0%,rgb(130,4,255) 73%,rgb(193,15,255) 100%)\"><\/span><div class=\"wp-block-cover__inner-container is-layout-flow wp-block-cover-is-layout-flow\"><div class=\"wp-block-group alignwide has-global-padding is-layout-constrained wp-block-group-is-layout-constrained\"><div class=\"wp-block-media-text alignwide has-media-on-the-right is-stacked-on-mobile is-vertically-aligned-center\" style=\"grid-template-columns:auto 43%\"><div class=\"wp-block-media-text__content\"><h1 class=\"wp-block-heading has-text-align-left has-white-color has-text-color\">M\u1ea1ch, Ngu\u1ed3n ph\u00e1t s\u00f3ng rung si\u00eau \u00e2m d\u00e2n d\u1ee5ng v\u00e0 c\u00f4ng nghi\u1ec7p.<\/h1>\n\n<ul class=\"wp-block-list\"><li>Khang ph\u00e1t cung c\u1ea5p nhi\u1ec1u d\u1ea3i s\u1ea3n ph\u1ea9m v\u1edbi c\u00f4ng su\u1ea5t t\u1eeb m\u00f4 hinhg th\u00ed nghi\u1ec7m nghi\u00ean c\u1ee9u t\u1edbi ch\u1ea1y c\u00f4ng nghi\u1ec7p.<\/li><\/ul>\n\n<div class=\"wp-block-buttons is-layout-flex wp-block-buttons-is-layout-flex\"><\/div><\/div><figure class=\"wp-block-media-text__media\"><img fetchpriority=\"high\" decoding=\"async\" width=\"1024\" height=\"768\" src=\"https:\/\/khangphatvn.vn\/wp-content\/uploads\/2025\/05\/z6540976235896_65e90a55279b8713c934e8346cb536fa-1024x768.jpg\" alt=\"\" class=\"wp-image-97 size-full\" srcset=\"https:\/\/khangphatvn.vn\/wp-content\/uploads\/2025\/05\/z6540976235896_65e90a55279b8713c934e8346cb536fa-1024x768.jpg 1024w, https:\/\/khangphatvn.vn\/wp-content\/uploads\/2025\/05\/z6540976235896_65e90a55279b8713c934e8346cb536fa-300x225.jpg 300w, https:\/\/khangphatvn.vn\/wp-content\/uploads\/2025\/05\/z6540976235896_65e90a55279b8713c934e8346cb536fa-768x576.jpg 768w, https:\/\/khangphatvn.vn\/wp-content\/uploads\/2025\/05\/z6540976235896_65e90a55279b8713c934e8346cb536fa-600x450.jpg 600w, https:\/\/khangphatvn.vn\/wp-content\/uploads\/2025\/05\/z6540976235896_65e90a55279b8713c934e8346cb536fa.jpg 1280w\" sizes=\"(max-width: 1024px) 100vw, 1024px\" \/><\/figure><\/div><\/div><\/div><\/div><div class=\"wp-block-group alignfull has-ast-global-color-5-background-color has-background has-global-padding is-layout-constrained wp-container-core-group-is-layout-9cedb757 wp-block-group-is-layout-constrained\" style=\"padding-bottom:0px\"><div class=\"wp-block-columns are-vertically-aligned-top is-layout-flex wp-container-core-columns-is-layout-00723822 wp-block-columns-is-layout-flex\"><div class=\"wp-block-column is-vertically-aligned-top is-layout-flow wp-container-core-column-is-layout-6b73ce23 wp-block-column-is-layout-flow\"><figure class=\"wp-block-image size-large\"><img decoding=\"async\" src=\"https:\/\/khangphatvn.vn\/wp-content\/themes\/astra\/inc\/assets\/images\/starter-content\/building.svg\" alt=\"\" class=\"wp-image-134\"\/><\/figure>\n\n<h3 class=\"wp-block-heading has-text-align-left\" style=\"margin-top:16px\">C\u00e1c s\u1ea3n ph\u1ea9m ch\u00ednh<\/h3>\n\n<p class=\"has-text-align-left\">B\u1ea3ng m\u1ea1ch v\u00e0 ngu\u1ed3n ph\u00e1 rung si\u00eau \u00e2m t\u1eeb 120W \u0111\u1ebfn 3300W<\/p>\n\n<p>T\u1ea7n s\u1ed1 15Khz &#8211; 40Khz<\/p><\/div>\n\n<div class=\"wp-block-column is-vertically-aligned-top is-layout-flow wp-container-core-column-is-layout-6b73ce23 wp-block-column-is-layout-flow\"><figure class=\"wp-block-image size-large\"><img decoding=\"async\" src=\"https:\/\/khangphatvn.vn\/wp-content\/themes\/astra\/inc\/assets\/images\/starter-content\/shopping-bag.svg\" alt=\"\" class=\"wp-image-135\"\/><\/figure>\n\n<h3 class=\"wp-block-heading has-text-align-left\" style=\"margin-top:16px\">Kho online<\/h3>\n\n<p class=\"has-text-align-left\">C\u00f3 s\u1eb5n<\/p><\/div>\n\n<div class=\"wp-block-column is-vertically-aligned-top is-layout-flow wp-container-core-column-is-layout-6b73ce23 wp-block-column-is-layout-flow\"><\/div><\/div><\/div><figure class=\"wp-block-image size-full\"><img decoding=\"async\" width=\"1280\" height=\"1280\" src=\"https:\/\/khangphatvn.vn\/wp-content\/uploads\/2025\/05\/z6543502286208_1c90f9b0685516caab3d329c08fc4c52.jpg\" alt=\"\" class=\"wp-image-99\" srcset=\"https:\/\/khangphatvn.vn\/wp-content\/uploads\/2025\/05\/z6543502286208_1c90f9b0685516caab3d329c08fc4c52.jpg 1280w, https:\/\/khangphatvn.vn\/wp-content\/uploads\/2025\/05\/z6543502286208_1c90f9b0685516caab3d329c08fc4c52-300x300.jpg 300w, https:\/\/khangphatvn.vn\/wp-content\/uploads\/2025\/05\/z6543502286208_1c90f9b0685516caab3d329c08fc4c52-1024x1024.jpg 1024w, https:\/\/khangphatvn.vn\/wp-content\/uploads\/2025\/05\/z6543502286208_1c90f9b0685516caab3d329c08fc4c52-150x150.jpg 150w, https:\/\/khangphatvn.vn\/wp-content\/uploads\/2025\/05\/z6543502286208_1c90f9b0685516caab3d329c08fc4c52-768x768.jpg 768w, https:\/\/khangphatvn.vn\/wp-content\/uploads\/2025\/05\/z6543502286208_1c90f9b0685516caab3d329c08fc4c52-600x600.jpg 600w, https:\/\/khangphatvn.vn\/wp-content\/uploads\/2025\/05\/z6543502286208_1c90f9b0685516caab3d329c08fc4c52-100x100.jpg 100w\" sizes=\"(max-width: 1280px) 100vw, 1280px\" \/><\/figure><div class=\"wp-block-group alignfull has-global-padding is-layout-constrained wp-container-core-group-is-layout-45b0ac4f wp-block-group-is-layout-constrained\" id=\"services\" style=\"padding-top:144px;padding-bottom:0px\"><p>D\u1ecbch v\u1ee5<\/p>\n\n<div class=\"wp-block-columns is-layout-flex wp-container-core-columns-is-layout-60cbf9bb wp-block-columns-is-layout-flex\" style=\"margin-top:50px\"><div class=\"wp-block-column is-layout-flow wp-container-core-column-is-layout-6b73ce23 wp-block-column-is-layout-flow\"><p>D\u1ecbch v\u1ee5 gia t\u0103ng.<\/p>\n\n<p>Nh\u1eadn b\u1ea3o d\u01b0\u1ee1ng, v\u00e0 thi\u1ebft k\u1ebf h\u1ec7 th\u1ed1ng t\u1ea9y r\u1eeda l\u00e0m s\u1ea1ch b\u1eb1ng s\u00f3ng si\u00eau \u00e2m<\/p><\/div>\n\n<div class=\"wp-block-column is-layout-flow wp-container-core-column-is-layout-6b73ce23 wp-block-column-is-layout-flow\"><figure class=\"wp-block-image size-full\"><img decoding=\"async\" width=\"1280\" height=\"1280\" src=\"https:\/\/khangphatvn.vn\/wp-content\/uploads\/2025\/05\/z6540976223984_075a21f8de0b78df30bc310d54bf4602.jpg\" alt=\"\" class=\"wp-image-100\" srcset=\"https:\/\/khangphatvn.vn\/wp-content\/uploads\/2025\/05\/z6540976223984_075a21f8de0b78df30bc310d54bf4602.jpg 1280w, https:\/\/khangphatvn.vn\/wp-content\/uploads\/2025\/05\/z6540976223984_075a21f8de0b78df30bc310d54bf4602-300x300.jpg 300w, https:\/\/khangphatvn.vn\/wp-content\/uploads\/2025\/05\/z6540976223984_075a21f8de0b78df30bc310d54bf4602-1024x1024.jpg 1024w, https:\/\/khangphatvn.vn\/wp-content\/uploads\/2025\/05\/z6540976223984_075a21f8de0b78df30bc310d54bf4602-150x150.jpg 150w, https:\/\/khangphatvn.vn\/wp-content\/uploads\/2025\/05\/z6540976223984_075a21f8de0b78df30bc310d54bf4602-768x768.jpg 768w, https:\/\/khangphatvn.vn\/wp-content\/uploads\/2025\/05\/z6540976223984_075a21f8de0b78df30bc310d54bf4602-600x600.jpg 600w, https:\/\/khangphatvn.vn\/wp-content\/uploads\/2025\/05\/z6540976223984_075a21f8de0b78df30bc310d54bf4602-100x100.jpg 100w\" sizes=\"(max-width: 1280px) 100vw, 1280px\" \/><\/figure><\/div><\/div><\/div>","protected":false},"excerpt":{"rendered":"<p>C\u00e1c s\u1ea3n ph\u1ea9m ch\u00ednh B\u1ea3ng m\u1ea1ch v\u00e0 ngu\u1ed3n ph\u00e1 rung si\u00eau \u00e2m t\u1eeb 120W \u0111\u1ebfn 3300W T\u1ea7n s\u1ed1 15Khz &#8211; 40Khz Kho online C\u00f3 s\u1eb5n D\u1ecbch v\u1ee5 D\u1ecbch v\u1ee5 gia t\u0103ng. Nh\u1eadn b\u1ea3o d\u01b0\u1ee1ng, v\u00e0 thi\u1ebft k\u1ebf h\u1ec7 th\u1ed1ng t\u1ea9y r\u1eeda l\u00e0m s\u1ea1ch b\u1eb1ng s\u00f3ng si\u00eau \u00e2m<\/p>\n","protected":false},"author":1,"featured_media":15,"parent":0,"menu_order":0,"comment_status":"closed","ping_status":"closed","template":"","meta":{"footnotes":""},"class_list":["post-12","page","type-page","status-publish","has-post-thumbnail","hentry"],"jetpack_sharing_enabled":true,"_links":{"self":[{"href":"https:\/\/khangphatvn.vn\/index.php\/wp-json\/wp\/v2\/pages\/12","targetHints":{"allow":["GET"]}}],"collection":[{"href":"https:\/\/khangphatvn.vn\/index.php\/wp-json\/wp\/v2\/pages"}],"about":[{"href":"https:\/\/khangphatvn.vn\/index.php\/wp-json\/wp\/v2\/types\/page"}],"author":[{"embeddable":true,"href":"https:\/\/khangphatvn.vn\/index.php\/wp-json\/wp\/v2\/users\/1"}],"replies":[{"embeddable":true,"href":"https:\/\/khangphatvn.vn\/index.php\/wp-json\/wp\/v2\/comments?post=12"}],"version-history":[{"count":4,"href":"https:\/\/khangphatvn.vn\/index.php\/wp-json\/wp\/v2\/pages\/12\/revisions"}],"predecessor-version":[{"id":114,"href":"https:\/\/khangphatvn.vn\/index.php\/wp-json\/wp\/v2\/pages\/12\/revisions\/114"}],"wp:featuredmedia":[{"embeddable":true,"href":"https:\/\/khangphatvn.vn\/index.php\/wp-json\/wp\/v2\/media\/15"}],"wp:attachment":[{"href":"https:\/\/khangphatvn.vn\/index.php\/wp-json\/wp\/v2\/media?parent=12"}],"curies":[{"name":"wp","href":"https:\/\/api.w.org\/{rel}","templated":true}]}}